{"id":10,"date":"2023-09-15T06:17:35","date_gmt":"2023-09-15T06:17:35","guid":{"rendered":"https:\/\/www.bjorkhagensintresseforening.se\/?page_id=10"},"modified":"2025-06-04T08:14:16","modified_gmt":"2025-06-04T08:14:16","slug":"the-new-umoma-opens-its-doors-2","status":"publish","type":"page","link":"https:\/\/www.bjorkhagensintresseforening.se\/","title":{"rendered":"V\u00e4lkomna till Bj\u00f6rkhagen!"},"content":{"rendered":"\n<div class=\"wp-block-group alignwide\"><div class=\"wp-block-group__inner-container is-layout-flow wp-block-group-is-layout-flow\">\n<h2 class=\"wp-block-heading has-text-align-center\"><em>Vi arbetar ideellt f\u00f6r bj\u00f6rkhagens b\u00e4sta, en levande idyll, som ligger oss varmt om hj\u00e4rtat.<\/em><\/h2>\n<\/div><\/div>\n\n\n\n<div class=\"wp-block-group alignwide has-background\" style=\"background-color:#ffffff\"><div class=\"wp-block-group__inner-container is-layout-flow wp-block-group-is-layout-flow\">\n<div class=\"wp-block-columns is-layout-flex wp-container-core-columns-is-layout-9d6595d7 wp-block-columns-is-layout-flex\">\n<div class=\"wp-block-column is-layout-flow wp-block-column-is-layout-flow\" style=\"flex-basis:66.66%\">\n<h2 class=\"wp-block-heading has-text-align-left has-background-color has-text-color\">Bli medlem du med!<\/h2>\n\n\n\n<p class=\"has-text-align-left has-background-color has-text-color\">Vi \u00e4r idag cirka 200 medlemshush\u00e5ll!<br>Genom ditt medlemskap, 250:- per hush\u00e5ll och \u00e5r, hj\u00e4lp  du oss att forts\u00e4tta bevara och utveckla v\u00e5rt vackra Bj\u00f6rkhagen.<br><br><strong>Plusgiro<\/strong> 63 81 15-6<br><strong>Swish<\/strong> 123 456 06 60 <br><br><br><\/p>\n<\/div>\n\n\n\n<div class=\"wp-block-column is-layout-flow wp-block-column-is-layout-flow\" style=\"flex-basis:33.33%\">\n<figure class=\"wp-block-image size-full\"><img loading=\"lazy\" decoding=\"async\" width=\"625\" height=\"945\" src=\"https:\/\/www.bjorkhagensintresseforening.se\/wp-content\/uploads\/2023\/09\/swish-QR-small-2.png\" alt=\"\" class=\"wp-image-73\" srcset=\"https:\/\/www.bjorkhagensintresseforening.se\/wp-content\/uploads\/2023\/09\/swish-QR-small-2.png 625w, https:\/\/www.bjorkhagensintresseforening.se\/wp-content\/uploads\/2023\/09\/swish-QR-small-2-198x300.png 198w\" sizes=\"auto, (max-width: 625px) 100vw, 625px\" \/><\/figure>\n<\/div>\n<\/div>\n<\/div><\/div>\n\n\n\n<div class=\"wp-block-columns alignwide is-layout-flex wp-container-core-columns-is-layout-9d6595d7 wp-block-columns-is-layout-flex\">\n<div class=\"wp-block-column is-layout-flow wp-block-column-is-layout-flow\">\n<div class=\"wp-block-group\"><div class=\"wp-block-group__inner-container is-layout-constrained wp-block-group-is-layout-constrained\">\n<figure class=\"wp-block-image alignfull size-large is-style-default\"><img loading=\"lazy\" decoding=\"async\" width=\"1024\" height=\"682\" src=\"https:\/\/www.bjorkhagensintresseforening.se\/wp-content\/uploads\/2023\/09\/startup-594090_1280-1024x682.jpg\" alt=\"\" class=\"wp-image-60\" srcset=\"https:\/\/www.bjorkhagensintresseforening.se\/wp-content\/uploads\/2023\/09\/startup-594090_1280-1024x682.jpg 1024w, https:\/\/www.bjorkhagensintresseforening.se\/wp-content\/uploads\/2023\/09\/startup-594090_1280-300x200.jpg 300w, https:\/\/www.bjorkhagensintresseforening.se\/wp-content\/uploads\/2023\/09\/startup-594090_1280-768x512.jpg 768w, https:\/\/www.bjorkhagensintresseforening.se\/wp-content\/uploads\/2023\/09\/startup-594090_1280-1200x800.jpg 1200w, https:\/\/www.bjorkhagensintresseforening.se\/wp-content\/uploads\/2023\/09\/startup-594090_1280.jpg 1280w\" sizes=\"auto, (max-width: 1024px) 100vw, 1024px\" \/><\/figure>\n\n\n\n<h3 class=\"wp-block-heading\">Senaste Bulletinen <\/h3>\n\n\n\n<p><\/p>\n\n\n\n<div class=\"wp-block-button is-style-outline is-style-outline--1\"><a class=\"wp-block-button__link wp-element-button\" href=\"https:\/\/www.bjorkhagensintresseforening.se\/?page_id=65\">L\u00e4s mer <\/a><\/div>\n<\/div><\/div>\n\n\n\n<div class=\"wp-block-group\"><div class=\"wp-block-group__inner-container is-layout-flow wp-block-group-is-layout-flow\">\n<figure class=\"wp-block-image alignfull size-large\"><img loading=\"lazy\" decoding=\"async\" width=\"1024\" height=\"682\" src=\"https:\/\/www.bjorkhagensintresseforening.se\/wp-content\/uploads\/2023\/09\/archive-1850170_1280-1024x682.jpg\" alt=\"\" class=\"wp-image-61\" srcset=\"https:\/\/www.bjorkhagensintresseforening.se\/wp-content\/uploads\/2023\/09\/archive-1850170_1280-1024x682.jpg 1024w, https:\/\/www.bjorkhagensintresseforening.se\/wp-content\/uploads\/2023\/09\/archive-1850170_1280-300x200.jpg 300w, https:\/\/www.bjorkhagensintresseforening.se\/wp-content\/uploads\/2023\/09\/archive-1850170_1280-768x512.jpg 768w, https:\/\/www.bjorkhagensintresseforening.se\/wp-content\/uploads\/2023\/09\/archive-1850170_1280-1200x800.jpg 1200w, https:\/\/www.bjorkhagensintresseforening.se\/wp-content\/uploads\/2023\/09\/archive-1850170_1280.jpg 1280w\" sizes=\"auto, (max-width: 1024px) 100vw, 1024px\" \/><\/figure>\n\n\n\n<h3 class=\"wp-block-heading\">Protokoll och kallelser<\/h3>\n\n\n\n<p>Arkiv<\/p>\n\n\n\n<div class=\"wp-block-button is-style-outline is-style-outline--2\"><a class=\"wp-block-button__link wp-element-button\" href=\"https:\/\/www.bjorkhagensintresseforening.se\/?page_id=92\">L\u00e4s mer<\/a><\/div>\n<\/div><\/div>\n<\/div>\n\n\n\n<div class=\"wp-block-column is-layout-flow wp-block-column-is-layout-flow\">\n<div class=\"wp-block-group\"><div class=\"wp-block-group__inner-container is-layout-flow wp-block-group-is-layout-flow\">\n<figure class=\"wp-block-gallery alignfull has-nested-images columns-default is-cropped wp-block-gallery-3 is-layout-flex wp-block-gallery-is-layout-flex\">\n<figure class=\"wp-block-image size-large\"><img loading=\"lazy\" decoding=\"async\" width=\"1024\" height=\"768\" data-id=\"59\" src=\"http:\/\/www.bjorkhagensintresseforening.se\/wp-content\/uploads\/2023\/09\/355681896_589639936630576_5630023397682963943_n-1-1024x768.jpg\" alt=\"\" class=\"wp-image-59\" srcset=\"https:\/\/www.bjorkhagensintresseforening.se\/wp-content\/uploads\/2023\/09\/355681896_589639936630576_5630023397682963943_n-1-1024x768.jpg 1024w, https:\/\/www.bjorkhagensintresseforening.se\/wp-content\/uploads\/2023\/09\/355681896_589639936630576_5630023397682963943_n-1-300x225.jpg 300w, https:\/\/www.bjorkhagensintresseforening.se\/wp-content\/uploads\/2023\/09\/355681896_589639936630576_5630023397682963943_n-1-768x576.jpg 768w, https:\/\/www.bjorkhagensintresseforening.se\/wp-content\/uploads\/2023\/09\/355681896_589639936630576_5630023397682963943_n-1-1200x900.jpg 1200w, https:\/\/www.bjorkhagensintresseforening.se\/wp-content\/uploads\/2023\/09\/355681896_589639936630576_5630023397682963943_n-1.jpg 1440w\" sizes=\"auto, (max-width: 1024px) 100vw, 1024px\" \/><\/figure>\n<\/figure>\n\n\n\n<h3 class=\"wp-block-heading\">Kommande aktiviteter <\/h3>\n\n\n\n<p><strong>St\u00e4ddagar, evenemang och annat sm\u00e5tt och gott<\/strong><\/p>\n\n\n\n<div class=\"wp-block-button is-style-outline is-style-outline--4\"><a class=\"wp-block-button__link wp-element-button\" href=\"https:\/\/www.bjorkhagensintresseforening.se\/?page_id=79\">L\u00e4s mer<\/a><\/div>\n<\/div><\/div>\n\n\n\n<div class=\"wp-block-group\"><div class=\"wp-block-group__inner-container is-layout-flow wp-block-group-is-layout-flow\">\n<figure class=\"wp-block-image alignfull size-large\"><img loading=\"lazy\" decoding=\"async\" width=\"1024\" height=\"685\" src=\"https:\/\/www.bjorkhagensintresseforening.se\/wp-content\/uploads\/2023\/09\/vision-2372177_1280-1024x685.jpg\" alt=\"\" class=\"wp-image-63\" srcset=\"https:\/\/www.bjorkhagensintresseforening.se\/wp-content\/uploads\/2023\/09\/vision-2372177_1280-1024x685.jpg 1024w, https:\/\/www.bjorkhagensintresseforening.se\/wp-content\/uploads\/2023\/09\/vision-2372177_1280-300x201.jpg 300w, https:\/\/www.bjorkhagensintresseforening.se\/wp-content\/uploads\/2023\/09\/vision-2372177_1280-768x514.jpg 768w, https:\/\/www.bjorkhagensintresseforening.se\/wp-content\/uploads\/2023\/09\/vision-2372177_1280-1200x803.jpg 1200w, https:\/\/www.bjorkhagensintresseforening.se\/wp-content\/uploads\/2023\/09\/vision-2372177_1280.jpg 1280w\" sizes=\"auto, (max-width: 1024px) 100vw, 1024px\" \/><\/figure>\n\n\n\n<h3 class=\"wp-block-heading\">Verksamhetsplan<\/h3>\n\n\n\n<p><strong>2023 HT -2027 VT<\/strong><\/p>\n\n\n\n<div class=\"wp-block-button is-style-outline is-style-outline--5\"><a class=\"wp-block-button__link wp-element-button\" href=\"https:\/\/www.bjorkhagensintresseforening.se\/?page_id=82\">L\u00e4s mer<\/a><\/div>\n<\/div><\/div>\n<\/div>\n<\/div>\n\n\n\n<div class=\"wp-block-cover alignfull is-light wp-duotone-068400-rgb025564-6\"><img loading=\"lazy\" decoding=\"async\" width=\"1440\" height=\"899\" class=\"wp-block-cover__image-background wp-image-98\" alt=\"\" src=\"https:\/\/www.bjorkhagensintresseforening.se\/wp-content\/uploads\/2023\/09\/242675761_2970669969814087_1141354314840638031_n-edited.jpg\" data-object-fit=\"cover\" srcset=\"https:\/\/www.bjorkhagensintresseforening.se\/wp-content\/uploads\/2023\/09\/242675761_2970669969814087_1141354314840638031_n-edited.jpg 1440w, https:\/\/www.bjorkhagensintresseforening.se\/wp-content\/uploads\/2023\/09\/242675761_2970669969814087_1141354314840638031_n-edited-300x187.jpg 300w, https:\/\/www.bjorkhagensintresseforening.se\/wp-content\/uploads\/2023\/09\/242675761_2970669969814087_1141354314840638031_n-edited-1024x639.jpg 1024w, https:\/\/www.bjorkhagensintresseforening.se\/wp-content\/uploads\/2023\/09\/242675761_2970669969814087_1141354314840638031_n-edited-768x479.jpg 768w, https:\/\/www.bjorkhagensintresseforening.se\/wp-content\/uploads\/2023\/09\/242675761_2970669969814087_1141354314840638031_n-edited-1200x749.jpg 1200w\" sizes=\"auto, (max-width: 1440px) 100vw, 1440px\" \/><span aria-hidden=\"true\" class=\"wp-block-cover__background has-background-dim\"><\/span><div class=\"wp-block-cover__inner-container is-layout-flow wp-block-cover-is-layout-flow\">\n<p class=\"has-text-align-center has-primary-color has-text-color has-larger-font-size\"><\/p>\n<\/div><\/div>\n\n\n\n<div class=\"wp-block-group alignwide\"><div class=\"wp-block-group__inner-container is-layout-flow wp-block-group-is-layout-flow\">\n<h2 class=\"wp-block-heading has-text-align-center has-accent-color has-text-color\"><em>Ett Bj\u00f6rkhagen d\u00e4r alla boende k\u00e4nner sig delaktiga och engagerade i utvecklingen av en trivsam och levande idyll.<\/em><\/h2>\n<\/div><\/div>\n\n\n\n<p><\/p>\n\n\n\n<figure class=\"wp-block-gallery alignwide has-nested-images columns-default is-cropped wp-block-gallery-7 is-layout-flex wp-block-gallery-is-layout-flex\">\n<figure class=\"wp-block-image size-large\"><img loading=\"lazy\" decoding=\"async\" width=\"1024\" height=\"768\" data-id=\"52\" src=\"https:\/\/www.bjorkhagensintresseforening.se\/wp-content\/uploads\/2023\/09\/354235226_584473400480563_8286783735924090875_n-1024x768.jpg\" alt=\"\" class=\"wp-image-52\" srcset=\"https:\/\/www.bjorkhagensintresseforening.se\/wp-content\/uploads\/2023\/09\/354235226_584473400480563_8286783735924090875_n-1024x768.jpg 1024w, https:\/\/www.bjorkhagensintresseforening.se\/wp-content\/uploads\/2023\/09\/354235226_584473400480563_8286783735924090875_n-300x225.jpg 300w, https:\/\/www.bjorkhagensintresseforening.se\/wp-content\/uploads\/2023\/09\/354235226_584473400480563_8286783735924090875_n-768x576.jpg 768w, https:\/\/www.bjorkhagensintresseforening.se\/wp-content\/uploads\/2023\/09\/354235226_584473400480563_8286783735924090875_n-1200x900.jpg 1200w, https:\/\/www.bjorkhagensintresseforening.se\/wp-content\/uploads\/2023\/09\/354235226_584473400480563_8286783735924090875_n.jpg 1440w\" sizes=\"auto, (max-width: 1024px) 100vw, 1024px\" \/><\/figure>\n\n\n\n<figure class=\"wp-block-image size-large\"><img loading=\"lazy\" decoding=\"async\" width=\"1024\" height=\"892\" data-id=\"212\" src=\"http:\/\/www.bjorkhagensintresseforening.se\/wp-content\/uploads\/2025\/06\/101982918_2593342970880124_7061233317096592013_n-1024x892.jpg\" alt=\"\" class=\"wp-image-212\" srcset=\"https:\/\/www.bjorkhagensintresseforening.se\/wp-content\/uploads\/2025\/06\/101982918_2593342970880124_7061233317096592013_n-1024x892.jpg 1024w, https:\/\/www.bjorkhagensintresseforening.se\/wp-content\/uploads\/2025\/06\/101982918_2593342970880124_7061233317096592013_n-300x261.jpg 300w, https:\/\/www.bjorkhagensintresseforening.se\/wp-content\/uploads\/2025\/06\/101982918_2593342970880124_7061233317096592013_n-768x669.jpg 768w, https:\/\/www.bjorkhagensintresseforening.se\/wp-content\/uploads\/2025\/06\/101982918_2593342970880124_7061233317096592013_n-1200x1045.jpg 1200w, https:\/\/www.bjorkhagensintresseforening.se\/wp-content\/uploads\/2025\/06\/101982918_2593342970880124_7061233317096592013_n.jpg 1440w\" sizes=\"auto, (max-width: 1024px) 100vw, 1024px\" \/><\/figure>\n<\/figure>\n","protected":false},"excerpt":{"rendered":"<p>Vi arbetar ideellt f\u00f6r bj\u00f6rkhagens b\u00e4sta, en levande idyll, som ligger oss varmt om hj\u00e4rtat. Bli medlem du med! Vi \u00e4r idag cirka 200 medlemshush\u00e5ll!Genom ditt medlemskap, 250:- per hush\u00e5ll och \u00e5r, hj\u00e4lp du oss att forts\u00e4tta bevara och utveckla v\u00e5rt vackra Bj\u00f6rkhagen. Plusgiro 63 81 15-6Swish 123 456 06 60 Senaste Bulletinen Protokoll och [&hellip;]<\/p>\n","protected":false},"author":1,"featured_media":125,"parent":0,"menu_order":0,"comment_status":"closed","ping_status":"closed","template":"","meta":{"footnotes":""},"class_list":["post-10","page","type-page","status-publish","has-post-thumbnail","hentry"],"_links":{"self":[{"href":"https:\/\/www.bjorkhagensintresseforening.se\/index.php?rest_route=\/wp\/v2\/pages\/10","targetHints":{"allow":["GET"]}}],"collection":[{"href":"https:\/\/www.bjorkhagensintresseforening.se\/index.php?rest_route=\/wp\/v2\/pages"}],"about":[{"href":"https:\/\/www.bjorkhagensintresseforening.se\/index.php?rest_route=\/wp\/v2\/types\/page"}],"author":[{"embeddable":true,"href":"https:\/\/www.bjorkhagensintresseforening.se\/index.php?rest_route=\/wp\/v2\/users\/1"}],"replies":[{"embeddable":true,"href":"https:\/\/www.bjorkhagensintresseforening.se\/index.php?rest_route=%2Fwp%2Fv2%2Fcomments&post=10"}],"version-history":[{"count":46,"href":"https:\/\/www.bjorkhagensintresseforening.se\/index.php?rest_route=\/wp\/v2\/pages\/10\/revisions"}],"predecessor-version":[{"id":213,"href":"https:\/\/www.bjorkhagensintresseforening.se\/index.php?rest_route=\/wp\/v2\/pages\/10\/revisions\/213"}],"wp:featuredmedia":[{"embeddable":true,"href":"https:\/\/www.bjorkhagensintresseforening.se\/index.php?rest_route=\/wp\/v2\/media\/125"}],"wp:attachment":[{"href":"https:\/\/www.bjorkhagensintresseforening.se\/index.php?rest_route=%2Fwp%2Fv2%2Fmedia&parent=10"}],"curies":[{"name":"wp","href":"https:\/\/api.w.org\/{rel}","templated":true}]}}