{"id":82,"date":"2023-09-15T09:33:58","date_gmt":"2023-09-15T09:33:58","guid":{"rendered":"https:\/\/www.bjorkhagensintresseforening.se\/?page_id=82"},"modified":"2023-09-15T09:33:58","modified_gmt":"2023-09-15T09:33:58","slug":"vision-syfte-och-verksamhetsplan","status":"publish","type":"page","link":"https:\/\/www.bjorkhagensintresseforening.se\/?page_id=82","title":{"rendered":"Vision, syfte och verksamhetsplan"},"content":{"rendered":"\n<p><strong>2023 HT -2027 VT<\/strong><br><strong>Vision<\/strong><br>Ett Bj\u00f6rkhagen d\u00e4r alla boende k\u00e4nner sig delaktiga och engagerade i utvecklingen av en trivsam och levande idyll.<br><br><strong>Syfte<\/strong><br>F\u00f6reningen ska verka f\u00f6r att f\u00f6rb\u00e4ttra Bj\u00f6rkhagen och \u00f6ka gemenskapen bland boende genom kulturella och fysiska aktiviteter. Alla fastighets\u00e4gare i Bj\u00f6rkhagen \u00e4r v\u00e4lkomna att bli medlemmar.<br><br><strong>M\u00e5l:<\/strong><br>1. F\u00f6rb\u00e4ttra kommunikationen med medlemmarna genom att utveckla formerna under de kommande \u00e5ren.<br><br>2. \u00d6ka k\u00e4nslan av social gemenskap bland boende i genom att organisera minst fyra \u00e5rliga arrangemang d\u00e4r minst 50% av medlemmarna ska delta.<\/p>\n\n\n\n<p>3. \u00d6ka antalet medlemmar i f\u00f6reningen med 10% under det kommande tre \u00e5ren.<br><br>4. \u00d6ka antalet medlemmar i f\u00f6reningen som \u00e4r med och arrangerar\/bidrar till aktiviteter som st\u00e4rker f\u00f6reningens syfte.<\/p>\n\n\n\n<p>5. G\u00f6ra insatser som f\u00f6rst\u00e4rker omr\u00e5dets karakt\u00e4r och v\u00e5rdar de gemensamma ytorna.<\/p>\n\n\n\n<p><br><strong>Aktiviteter<\/strong><br>1.\u00a0 Utveckla epostlistor, medlemsregister v\u00e5r n\u00e4rvaro p\u00e5 instagram och facebook.<br>2. a. Arrangera Valborg, Midsommar, barnaktivitet samt en vinteraktivitet.<br>2. b. Uppmuntra medlemmar att skapa tillf\u00e4llen f\u00f6r fysiska aktiviteter.<br>3. Synligg\u00f6ra f\u00f6reningen, p\u00e5minnelser om medlemsavgiften.<br>4. Kampanja om delaktighet p\u00e5 sociala medier samt s\u00e4tta upp affischer p\u00e5 anslagstavlorna.<br>5. a. F\u00f6reningen har tre strategiska platser som \u00e4r Bryggan, Dungen och Hultabrygga dessa platser \u00e4r viktiga f\u00f6r att uppn\u00e5 f\u00f6reningens vision och syfte och ska d\u00e4rmed<br>&#8211; skapa en buffert p\u00e5 250 tkr med syftet att snabbt kunna g\u00f6ra \u00e5tg\u00e4rder.<br>&#8211; arrangera tv\u00e5 st\u00e4ddagar per \u00e5r.<br>&#8211; h\u00e5lla platserna trygga och s\u00e4kra.<br><br>5. b. Unders\u00f6ka m\u00f6jligheter f\u00f6r att s\u00f6ka externt st\u00f6d f\u00f6r projekt i linje med syfte och \u00a0vision.<br><br><\/p>\n\n\n\n<p><strong>Uppf\u00f6ljning<\/strong><br>1. Ska ske genom en boende\/medlemsenk\u00e4t.<br>2. Utv\u00e4rderingar efter varje aktivitet<br><br><\/p>\n","protected":false},"excerpt":{"rendered":"<p>2023 HT -2027 VTVisionEtt Bj\u00f6rkhagen d\u00e4r alla boende k\u00e4nner sig delaktiga och engagerade i utvecklingen av en trivsam och levande idyll. SyfteF\u00f6reningen ska verka f\u00f6r att f\u00f6rb\u00e4ttra Bj\u00f6rkhagen och \u00f6ka gemenskapen bland boende genom kulturella och fysiska aktiviteter. Alla fastighets\u00e4gare i Bj\u00f6rkhagen \u00e4r v\u00e4lkomna att bli medlemmar. M\u00e5l:1. F\u00f6rb\u00e4ttra kommunikationen med medlemmarna genom att utveckla [&hellip;]<\/p>\n","protected":false},"author":1,"featured_media":0,"parent":0,"menu_order":0,"comment_status":"closed","ping_status":"closed","template":"","meta":{"footnotes":""},"class_list":["post-82","page","type-page","status-publish","hentry"],"_links":{"self":[{"href":"https:\/\/www.bjorkhagensintresseforening.se\/index.php?rest_route=\/wp\/v2\/pages\/82","targetHints":{"allow":["GET"]}}],"collection":[{"href":"https:\/\/www.bjorkhagensintresseforening.se\/index.php?rest_route=\/wp\/v2\/pages"}],"about":[{"href":"https:\/\/www.bjorkhagensintresseforening.se\/index.php?rest_route=\/wp\/v2\/types\/page"}],"author":[{"embeddable":true,"href":"https:\/\/www.bjorkhagensintresseforening.se\/index.php?rest_route=\/wp\/v2\/users\/1"}],"replies":[{"embeddable":true,"href":"https:\/\/www.bjorkhagensintresseforening.se\/index.php?rest_route=%2Fwp%2Fv2%2Fcomments&post=82"}],"version-history":[{"count":1,"href":"https:\/\/www.bjorkhagensintresseforening.se\/index.php?rest_route=\/wp\/v2\/pages\/82\/revisions"}],"predecessor-version":[{"id":83,"href":"https:\/\/www.bjorkhagensintresseforening.se\/index.php?rest_route=\/wp\/v2\/pages\/82\/revisions\/83"}],"wp:attachment":[{"href":"https:\/\/www.bjorkhagensintresseforening.se\/index.php?rest_route=%2Fwp%2Fv2%2Fmedia&parent=82"}],"curies":[{"name":"wp","href":"https:\/\/api.w.org\/{rel}","templated":true}]}}